{"id":815,"date":"2020-06-05T12:47:24","date_gmt":"2020-06-05T10:47:24","guid":{"rendered":"https:\/\/agende.terredacqua.net\/?page_id=815"},"modified":"2020-06-05T13:19:51","modified_gmt":"2020-06-05T11:19:51","slug":"comune-di-sala-bolognese-tributi-varie-es-num-bonifica-renana-identif-catastali-tessera-geovest-ecc","status":"publish","type":"page","link":"https:\/\/agende.terredacqua.net\/index.php\/comune-di-sala-bolognese-tributi-varie-es-num-bonifica-renana-identif-catastali-tessera-geovest-ecc\/","title":{"rendered":"Comune di Sala Bolognese &#8211; Tributi &#8211; Varie (es: num bonifica renana, identif catastali, tessera geovest, ecc)"},"content":{"rendered":"\n<figure class=\"wp-block-image size-large\"><a href=\"http:\/\/www.comune.sala-bolognese.bo.it\/\"><img loading=\"lazy\" decoding=\"async\" width=\"500\" height=\"125\" src=\"https:\/\/agende.terredacqua.net\/wp-content\/uploads\/2019\/02\/logo_salabolognese.png\" alt=\"\" class=\"wp-image-41\"\/><\/a><\/figure>\n\n\n\n<h2 class=\"wp-block-heading\">Servizio Tributi<\/h2>\n\n\n\n<hr class=\"wp-block-separator is-style-wide\"\/>\n\n\n\n<p>In questa pagina \u00e8 possibile prenotare l\u2019accesso&nbsp;agli sportelli del Servizio Tributi per Informazioni Varie (es: num bonifica renana, identif catastali, tessera geovest, ecc), al fine di evitare qualsiasi rischio di contagio Covid-19<\/p>\n\n\n\n<div class=\"wp-block-bookly-form\"><!--\nPlugin Name: Bookly \u2013 Responsive WordPress Appointment Booking and Scheduling Plugin\nPlugin URI: https:\/\/www.booking-wp-plugin.com\/?utm_source=bookly_admin&utm_medium=plugins_page&utm_campaign=plugins_page\nVersion: 23.7-->\n    <style type=\"text\/css\">\n        :root {\n            --bookly-main-color: #f4662f !important;\n        }\n\n        .bookly-form .fill-bookly {\n            fill: #f4662f;\n        }\n\n        \/* Color *\/\n        .bookly-form .bookly-form-group > label,\n        .bookly-form .bookly-label-error,\n        .bookly-form .bookly-progress-tracker > .active,\n        .bookly-form .bookly-columnizer .bookly-hour span.bookly-waiting-list,\n        .bookly-form .hover\\:text-bookly:hover,\n        .bookly-form .text-bookly:not(:hover),\n        .bookly-form .hover\\:text-bookly:hover {\n            color: #f4662f !important;\n        }\n\n        \/* Background *\/\n        .bookly-form .bookly-progress-tracker > .active .step,\n        .bookly-form .bookly-columnizer .bookly-hour:active .bookly-hour-icon span,\n        .bookly-form .bookly-btn,\n        .bookly-form .bookly-btn:active,\n        .bookly-form .bookly-btn:focus,\n        .bookly-form .bookly-btn:hover,\n        .bookly-form .bookly-btn-submit,\n        .bookly-form .bookly-round,\n        .bookly-form .bookly-square,\n        .bookly-form .bookly-pagination > li.active,\n        .bookly-form .bg-bookly,\n        .bookly-form .hover\\:bg-bookly:hover,\n        .bookly-form .bg-bookly-not-hover:not(:hover) {\n            background-color: #f4662f !important;\n        }\n\n        .bookly-form .bookly-triangle {\n            border-bottom-color: #f4662f !important;\n        }\n\n        \/* Border *\/\n        .bookly-form input[type=\"text\"].bookly-error,\n        .bookly-form input[type=\"password\"].bookly-error,\n        .bookly-form select.bookly-error,\n        .bookly-form textarea.bookly-error,\n        .bookly-form .bookly-week-days.bookly-error,\n        .bookly-extra-step div.bookly-extras-thumb.bookly-extras-selected {\n            border: 2px solid #f4662f !important;\n        }\n\n        \/* Other *\/\n        .bookly-form .bookly-columnizer .bookly-day, .bookly-form .bookly-schedule-date {\n            background: #f4662f !important;\n            border: 1px solid #f4662f !important;\n        }\n\n        .bookly-form .bookly-pagination > li.active a {\n            border: 1px solid #f4662f !important;\n        }\n\n        .bookly-form .bookly-columnizer .bookly-hour:active {\n            border: 2px solid #f4662f !important;\n            color: #f4662f !important;\n        }\n\n        .bookly-form .bookly-columnizer .bookly-hour:active .bookly-hour-icon {\n            background: none;\n            border: 2px solid #f4662f !important;\n            color: #f4662f !important;\n            width: auto;\n            height: auto;\n            padding: 3px;\n            border-radius: 25px;\n            margin-right: 3px;\n        }\n\n        .bookly-form .bookly-columnizer .bookly-hour:active .bookly-hour-icon span {\n            background-color: #f4662f !important;\n            width: 8px;\n            height: 8px;\n            border-radius: 10px;\n            display: block;\n        }\n\n        @media (hover) {\n            .bookly-form .bookly-columnizer .bookly-hour:hover {\n                border: 2px solid #f4662f !important;\n                color: #f4662f !important;\n            }\n\n            .bookly-form .bookly-columnizer .bookly-hour:hover .bookly-hour-icon {\n                background: none;\n                border: 2px solid #f4662f !important;\n                color: #f4662f !important;\n            }\n\n            .bookly-form .bookly-columnizer .bookly-hour:hover .bookly-hour-icon span {\n                background-color: #f4662f !important;\n            }\n        }\n    <\/style>\n\n<div id=\"bookly-form-69dff5183251c\" class=\"bookly-form bookly-tailwind-container\" data-form_id=\"69dff5183251c\" aria-live=\"polite\">\n    <div style=\"text-align: center\"><img decoding=\"async\" src=\"https:\/\/agende.terredacqua.net\/wp-includes\/js\/tinymce\/skins\/lightgray\/img\/loader.gif\" alt=\"Caricamento in corso\u2026\"\/><\/div>\n<\/div>\n<script type=\"text\/javascript\">\n    (function (win, fn) {\n        var done = false, top = true,\n            doc = win.document,\n            root = doc.documentElement,\n            modern = doc.addEventListener,\n            add = modern ? 'addEventListener' : 'attachEvent',\n            rem = modern ? 'removeEventListener' : 'detachEvent',\n            pre = modern ? '' : 'on',\n            init = function (e) {\n                if (e.type == 'readystatechange') if (doc.readyState != 'complete') return;\n                (e.type == 'load' ? win : doc)[rem](pre + e.type, init, false);\n                if (!done) {\n                    done = true;\n                    fn.call(win, e.type || e);\n                }\n            },\n            poll = function () {\n                try {\n                    root.doScroll('left');\n                } catch (e) {\n                    setTimeout(poll, 50);\n                    return;\n                }\n                init('poll');\n            };\n        if (doc.readyState == 'complete') fn.call(win, 'lazy');\n        else {\n            if (!modern) if (root.doScroll) {\n                try {\n                    top = !win.frameElement;\n                } catch (e) {\n                }\n                if (top) poll();\n            }\n            doc[add](pre + 'DOMContentLoaded', init, false);\n            doc[add](pre + 'readystatechange', init, false);\n            win[add](pre + 'load', init, false);\n        }\n    })(window, function () {\n        window.bookly( {\"form_id\":\"69dff5183251c\",\"status\":{\"booking\":\"new\"},\"skip_steps\":{\"service_part1\":1,\"service_part2\":1,\"extras\":1,\"time\":0,\"repeat\":1,\"cart\":1},\"errors\":{\"session_error\":\"Errore di sessione.\",\"form_id_error\":\"Errore ID modulo.\",\"cart_item_not_available\":\"La fascia oraria selezionata non \\u00e8 pi\\u00f9 disponibile. Per favore seleziona un altro orario.\",\"pay_locally_not_available\":\"Pagamento in loco non \\u00e8 disponibile.\",\"invalid_gateway\":\"Gateway non valido.\",\"payment_error\":\"Errore.\",\"incorrect_username_password\":\"Nome utente o password non corrette.\"},\"form_attributes\":{\"hide_categories\":true,\"hide_services\":true,\"hide_staff_members\":true,\"show_number_of_persons\":false,\"hide_service_duration\":true,\"hide_locations\":true,\"hide_quantity\":true,\"hide_date\":true,\"hide_week_days\":true,\"hide_time_range\":true,\"const_category_id\":14},\"use_client_time_zone\":0,\"defaults\":{\"service_id\":40,\"staff_id\":19,\"location_id\":0,\"category_id\":14},\"datepicker_mode\":\"text-accent\",\"facebook\":{\"enabled\":0,\"appId\":\"\"}} );\n    });\n<\/script><\/div>\n\n\n\n<hr class=\"wp-block-separator is-style-wide\"\/>\n\n\n\n<p class=\"has-background has-light-gray-background-color\"><em><strong>Indicazioni generali<\/strong><br>Se l\u2019interessato si presenta all\u2019appuntamento con un ritardo superiore a 10 minuti, per non creare un disservizio a chi ha preso appuntamenti successivi, la prenotazione viene annullata.<br>L\u2019errata compilazione dei campi identificativi ( es. telefono o indirizzo mail non corretti ) potranno comportare l\u2019annullamento della prenotazione.<br>In caso di mancata ricezione della mail di conferma, si consiglia di verificare telefonicamente la prenotazione.<\/em><\/p>\n\n\n\n<p class=\"has-background has-light-gray-background-color\">Per informazioni o problematiche relative alle prenotazioni contattare il numero di telefono 0516822518 da marted\u00ec a venerd\u00ec, dalle ore 09:00 alle ore 12:00 e il marted\u00ec pomeriggio dalle ore 15:00 alle ore 17:30<\/p>\n\n\n\n<p class=\"has-background has-light-gray-background-color\"><em><strong>Privacy<\/strong><br>I dati raccolti verranno conservati ed utilizzati esclusivamente per la pianificazione degli accessi ai servizi erogati dai comuni che fanno parte dell\u2019Unione Terre d\u2019Acqua. Procedendo con la conferma della prenotazione si autorizza il trattamento dei dati personali raccolti, ai sensi del Regolamento UE 2016\/679 e del D.Lgs. n. 196\/2003 cos\u00ec come modificato dal D.Lgs. 101\/2018.<\/em><\/p>\n\n\n\n<hr class=\"wp-block-separator is-style-wide\"\/>\n\n\n\n<div class=\"wp-block-columns is-layout-flex wp-container-core-columns-layout-1 wp-block-columns-is-layout-flex\">\n<div class=\"wp-block-column is-layout-flow wp-block-column-is-layout-flow\">\n<h3 class=\"wp-block-heading\"><strong><a href=\"http:\/\/www.comune.sala-bolognese.bo.it\/\">Comune di Sala Bolognese<\/a><\/strong><\/h3>\n\n\n\n<p>Piazza Marconi, 1<\/p>\n\n\n\n<p>40010 &#8211; Sala Bolognese (BO)<\/p>\n\n\n\n<p>Tel. 051.6822511 &#8211; Fax 051.829182<\/p>\n\n\n\n<p>C.F. 80014630372 &#8211; P.IVA 00702211202<\/p>\n\n\n\n<p>PEC:&nbsp;<a href=\"mailto:comune.salabolognese@cert.provincia.bo.it\">comune.salabolognese@cert.provincia.bo.it<\/a><\/p>\n<\/div>\n\n\n\n<div class=\"wp-block-column is-layout-flow wp-block-column-is-layout-flow\">\n<h3 class=\"wp-block-heading\"><strong>Servizio Tributi<\/strong><\/h3>\n\n\n\n<p>Piazza Marconi, 1<\/p>\n\n\n\n<p>40010 &#8211; Sala Bolognese (BO)<\/p>\n\n\n\n<p>Tel. 0516822518<\/p>\n<\/div>\n<\/div>\n\n\n\n<p><a href=\"http:\/\/www.comune.sala-bolognese.bo.it\/cookiepolicy\">Cookie Policy<\/a> <a href=\"http:\/\/www.comune.sala-bolognese.bo.it\/privacy-policy\">Privacy Policy<\/a><\/p>\n","protected":false},"excerpt":{"rendered":"<p>Servizio Tributi In questa pagina \u00e8 possibile prenotare l\u2019accesso&nbsp;agli sportelli del Servizio Tributi per Informazioni Varie (es: num bonifica renana, identif catastali, tessera geovest, ecc), al fine di evitare qualsiasi rischio di contagio Covid-19 Indicazioni generaliSe l\u2019interessato si presenta all\u2019appuntamento con un ritardo superiore a 10 minuti, per non creare un disservizio a chi ha [&hellip;]<\/p>\n","protected":false},"author":1,"featured_media":0,"parent":0,"menu_order":0,"comment_status":"closed","ping_status":"closed","template":"","meta":{"footnotes":""},"_links":{"self":[{"href":"https:\/\/agende.terredacqua.net\/index.php\/wp-json\/wp\/v2\/pages\/815"}],"collection":[{"href":"https:\/\/agende.terredacqua.net\/index.php\/wp-json\/wp\/v2\/pages"}],"about":[{"href":"https:\/\/agende.terredacqua.net\/index.php\/wp-json\/wp\/v2\/types\/page"}],"author":[{"embeddable":true,"href":"https:\/\/agende.terredacqua.net\/index.php\/wp-json\/wp\/v2\/users\/1"}],"replies":[{"embeddable":true,"href":"https:\/\/agende.terredacqua.net\/index.php\/wp-json\/wp\/v2\/comments?post=815"}],"version-history":[{"count":12,"href":"https:\/\/agende.terredacqua.net\/index.php\/wp-json\/wp\/v2\/pages\/815\/revisions"}],"predecessor-version":[{"id":894,"href":"https:\/\/agende.terredacqua.net\/index.php\/wp-json\/wp\/v2\/pages\/815\/revisions\/894"}],"wp:attachment":[{"href":"https:\/\/agende.terredacqua.net\/index.php\/wp-json\/wp\/v2\/media?parent=815"}],"curies":[{"name":"wp","href":"https:\/\/api.w.org\/{rel}","templated":true}]}}